{"id":145,"date":"2025-03-12T19:18:39","date_gmt":"2025-03-12T22:18:39","guid":{"rendered":"https:\/\/meganoapps.com\/za\/?page_id=145"},"modified":"2025-03-13T22:55:15","modified_gmt":"2025-03-14T01:55:15","slug":"elementor-145","status":"publish","type":"page","link":"https:\/\/meganoapps.com\/za\/elementor-145\/","title":{"rendered":"Form"},"content":{"rendered":"\t\t<div data-elementor-type=\"wp-page\" data-elementor-id=\"145\" class=\"elementor elementor-145\" data-elementor-post-type=\"page\">\n\t\t\t\t<div class=\"elementor-element elementor-element-e572ec5 e-flex e-con-boxed e-con e-parent\" data-id=\"e572ec5\" data-element_type=\"container\">\n\t\t\t\t\t<div class=\"e-con-inner\">\n\t\t\t\t<div class=\"elementor-element elementor-element-2ebb8ef elementor-widget elementor-widget-heading\" data-id=\"2ebb8ef\" data-element_type=\"widget\" data-widget_type=\"heading.default\">\n\t\t\t\t<div class=\"elementor-widget-container\">\n\t\t\t\t\t<h2 class=\"elementor-heading-title elementor-size-default\">Congratulations! \ud83c\udf89<\/h2>\t\t\t\t<\/div>\n\t\t\t\t<\/div>\n\t\t\t\t<div class=\"elementor-element elementor-element-931111d elementor-widget elementor-widget-heading\" data-id=\"931111d\" data-element_type=\"widget\" data-widget_type=\"heading.default\">\n\t\t\t\t<div class=\"elementor-widget-container\">\n\t\t\t\t\t<h2 class=\"elementor-heading-title elementor-size-default\">We have a recommendation for you. <br>Fill out the form below to see the results:<\/h2>\t\t\t\t<\/div>\n\t\t\t\t<\/div>\n\t\t\t\t\t<\/div>\n\t\t\t\t<\/div>\n\t\t<div class=\"elementor-element elementor-element-7735dbd e-flex e-con-boxed e-con e-parent\" data-id=\"7735dbd\" data-element_type=\"container\">\n\t\t\t\t\t<div class=\"e-con-inner\">\n\t\t\t\t<div class=\"elementor-element elementor-element-dd10f6b elementor-widget elementor-widget-html\" data-id=\"dd10f6b\" data-element_type=\"widget\" data-widget_type=\"html.default\">\n\t\t\t\t<div class=\"elementor-widget-container\">\n\t\t\t\t\t<style type=\"text\/css\" scoped>\n    .mauticform_wrapper { max-width: 600px; margin: 10px auto; }\n    .mauticform-innerform {}\n    .mauticform-post-success {}\n    .mauticform-name { font-weight: bold; font-size: 1.5em; margin-bottom: 3px; }\n    .mauticform-description { margin-top: 2px; margin-bottom: 10px; }\n    .mauticform-error { margin-bottom: 10px; color: red; }\n    .mauticform-message { margin-bottom: 10px; color: green; }\n    .mauticform-row { display: block; margin-bottom: 30px; }\n    .mauticform-label { font-size: 1.1em; display: block; font-weight: bold; margin-bottom: 10px; color: #333; }\n    .mauticform-row.mauticform-required .mauticform-label:after { content: \"\"; display: none; }\n    .mauticform-helpmessage { display: block; font-size: 0.9em; margin-bottom: 3px; }\n    .mauticform-errormsg { display: block; color: red; margin-top: 2px; }\n    .mauticform-selectbox, .mauticform-input, .mauticform-textarea { \n        width: 100%; \n        padding: 8px 0; \n        border: none; \n        border-bottom: 1px solid #ccc; \n        background: #fff; \n        box-shadow: none; \n        border-radius: 0; \n        box-sizing: border-box; \n        font-size: 16px;\n        transition: border-color 0.3s;\n    }\n    .mauticform-input:focus {\n        outline: none;\n        border-bottom: 2px solid #9D5CEF;\n    }\n    .mauticform-checkboxgrp-row {}\n    .mauticform-checkboxgrp-label { font-weight: normal; }\n    .mauticform-checkboxgrp-checkbox {}\n    .mauticform-radiogrp-row {}\n    .mauticform-radiogrp-label { font-weight: normal; }\n    .mauticform-radiogrp-radio {}\n    .mauticform-button-wrapper .mauticform-button.btn-default, .mauticform-pagebreak-wrapper .mauticform-pagebreak.btn-default { \n        color: #FFFFFF;\n        background-color: #9D5CEF;\n        border: none;\n    }\n    .mauticform-button-wrapper .mauticform-button, .mauticform-pagebreak-wrapper .mauticform-pagebreak { \n        display: inline-block;\n        width: 100%;\n        margin-bottom: 0;\n        font-weight: 600;\n        text-align: center;\n        vertical-align: middle;\n        cursor: pointer;\n        background-image: none;\n        border: none;\n        white-space: nowrap;\n        padding: 15px 20px;\n        font-size: 16px;\n        line-height: 1.5;\n        border-radius: 6px;\n        -webkit-user-select: none;\n        -moz-user-select: none;\n        -ms-user-select: none;\n        user-select: none;\n        text-transform: uppercase;\n        letter-spacing: 1px;\n    }\n    .mauticform-button-wrapper .mauticform-button:hover, .mauticform-pagebreak-wrapper .mauticform-pagebreak:hover {\n        background-color: #8445E0;\n    }\n    .mauticform-button-wrapper .mauticform-button.btn-default[disabled], .mauticform-pagebreak-wrapper .mauticform-pagebreak.btn-default[disabled] { \n        background-color: #BDA1F7; \n        opacity: 0.75; \n        cursor: not-allowed; \n    }\n    .mauticform-pagebreak-wrapper .mauticform-button-wrapper { display: inline; }\n<\/style>\n<style type=\"text\/css\" scoped>\n    .mauticform-field-hidden { display:none }\n<\/style>\n\n<div id=\"mauticform_wrapper_formulario01\" class=\"mauticform_wrapper\">\n    <form autocomplete=\"false\" role=\"form\" method=\"post\" action=\"https:\/\/megano-za-mautic.svy9y0.easypanel.host\/form\/submit?formId=1\" id=\"mauticform_formulario01\" data-mautic-form=\"formulario01\" enctype=\"multipart\/form-data\">\n        <div class=\"mauticform-error\" id=\"mauticform_formulario01_error\"><\/div>\n        <div class=\"mauticform-message\" id=\"mauticform_formulario01_message\"><\/div>\n        <div class=\"mauticform-innerform\">\n            \n          <div class=\"mauticform-page-wrapper mauticform-page-1\" data-mautic-form-page=\"1\">\n\n            <div id=\"mauticform_formulario01_seu_nome\" data-validate=\"seu_nome\" data-validation-type=\"text\" class=\"mauticform-row mauticform-text mauticform-field-1 mauticform-required\">\n                <label id=\"mauticform_label_formulario01_seu_nome\" for=\"mauticform_input_formulario01_seu_nome\" class=\"mauticform-label\">Name<\/label>\n                <input id=\"mauticform_input_formulario01_seu_nome\" name=\"mauticform[seu_nome]\" value=\"\" class=\"mauticform-input\" type=\"text\" placeholder=\"Enter your name\">\n                <span class=\"mauticform-errormsg\" style=\"display: none;\">Isso \u00e9 obrigat\u00f3rio.<\/span>\n            <\/div>\n\n            <div id=\"mauticform_formulario01_seu_email\" data-validate=\"seu_email\" data-validation-type=\"email\" class=\"mauticform-row mauticform-email mauticform-field-2 mauticform-required\">\n                <label id=\"mauticform_label_formulario01_seu_email\" for=\"mauticform_input_formulario01_seu_email\" class=\"mauticform-label\">Email<\/label>\n                <input id=\"mauticform_input_formulario01_seu_email\" name=\"mauticform[seu_email]\" value=\"\" class=\"mauticform-input\" type=\"email\" placeholder=\"Enter your best email\">\n                <span class=\"mauticform-errormsg\" style=\"display: none;\">Isso \u00e9 obrigat\u00f3rio.<\/span>\n            <\/div>\n\n            <div id=\"mauticform_formulario01_submit\" class=\"mauticform-row mauticform-button-wrapper mauticform-field-3\">\n                <button type=\"submit\" name=\"mauticform[submit]\" id=\"mauticform_input_formulario01_submit\" value=\"\" class=\"mauticform-button btn btn-default\">SEE MY CARD<\/button>\n            <\/div>\n            <\/div>\n        <\/div>\n\n        <input type=\"hidden\" name=\"mauticform[formId]\" id=\"mauticform_formulario01_id\" value=\"1\">\n        <input type=\"hidden\" name=\"mauticform[return]\" id=\"mauticform_formulario01_return\" value=\"\">\n        <input type=\"hidden\" name=\"mauticform[formName]\" id=\"mauticform_formulario01_name\" value=\"formulario01\">\n\n        <\/form>\n<\/div>\t\t\t\t<\/div>\n\t\t\t\t<\/div>\n\t\t\t\t\t<\/div>\n\t\t\t\t<\/div>\n\t\t\t\t<\/div>\n\t\t","protected":false},"excerpt":{"rendered":"<p>Congratulations! \ud83c\udf89 We have a recommendation for you. Fill out the form below to see the results: Name Isso \u00e9 obrigat\u00f3rio. Email Isso \u00e9 obrigat\u00f3rio. SEE MY CARD<\/p>\n","protected":false},"author":1,"featured_media":0,"parent":0,"menu_order":0,"comment_status":"closed","ping_status":"closed","template":"elementor_header_footer","meta":{"site-sidebar-layout":"no-sidebar","site-content-layout":"","ast-site-content-layout":"full-width-container","site-content-style":"default","site-sidebar-style":"default","ast-global-header-display":"","ast-banner-title-visibility":"","ast-main-header-display":"","ast-hfb-above-header-display":"","ast-hfb-below-header-display":"","ast-hfb-mobile-header-display":"","site-post-title":"disabled","ast-breadcrumbs-content":"","ast-featured-img":"disabled","footer-sml-layout":"","ast-disable-related-posts":"","theme-transparent-header-meta":"","adv-header-id-meta":"","stick-header-meta":"","header-above-stick-meta":"","header-main-stick-meta":"","header-below-stick-meta":"","astra-migrate-meta-layouts":"default","ast-page-background-enabled":"default","ast-page-background-meta":{"desktop":{"background-color":"var(--ast-global-color-4)","background-image":"","background-repeat":"repeat","background-position":"center center","background-size":"auto","background-attachment":"scroll","background-type":"","background-media":"","overlay-type":"","overlay-color":"","overlay-opacity":"","overlay-gradient":""},"tablet":{"background-color":"","background-image":"","background-repeat":"repeat","background-position":"center center","background-size":"auto","background-attachment":"scroll","background-type":"","background-media":"","overlay-type":"","overlay-color":"","overlay-opacity":"","overlay-gradient":""},"mobile":{"background-color":"","background-image":"","background-repeat":"repeat","background-position":"center center","background-size":"auto","background-attachment":"scroll","background-type":"","background-media":"","overlay-type":"","overlay-color":"","overlay-opacity":"","overlay-gradient":""}},"ast-content-background-meta":{"desktop":{"background-color":"var(--ast-global-color-5)","background-image":"","background-repeat":"repeat","background-position":"center center","background-size":"auto","background-attachment":"scroll","background-type":"","background-media":"","overlay-type":"","overlay-color":"","overlay-opacity":"","overlay-gradient":""},"tablet":{"background-color":"var(--ast-global-color-5)","background-image":"","background-repeat":"repeat","background-position":"center center","background-size":"auto","background-attachment":"scroll","background-type":"","background-media":"","overlay-type":"","overlay-color":"","overlay-opacity":"","overlay-gradient":""},"mobile":{"background-color":"var(--ast-global-color-5)","background-image":"","background-repeat":"repeat","background-position":"center center","background-size":"auto","background-attachment":"scroll","background-type":"","background-media":"","overlay-type":"","overlay-color":"","overlay-opacity":"","overlay-gradient":""}},"footnotes":""},"class_list":["post-145","page","type-page","status-publish","hentry"],"_links":{"self":[{"href":"https:\/\/meganoapps.com\/za\/wp-json\/wp\/v2\/pages\/145","targetHints":{"allow":["GET"]}}],"collection":[{"href":"https:\/\/meganoapps.com\/za\/wp-json\/wp\/v2\/pages"}],"about":[{"href":"https:\/\/meganoapps.com\/za\/wp-json\/wp\/v2\/types\/page"}],"author":[{"embeddable":true,"href":"https:\/\/meganoapps.com\/za\/wp-json\/wp\/v2\/users\/1"}],"replies":[{"embeddable":true,"href":"https:\/\/meganoapps.com\/za\/wp-json\/wp\/v2\/comments?post=145"}],"version-history":[{"count":86,"href":"https:\/\/meganoapps.com\/za\/wp-json\/wp\/v2\/pages\/145\/revisions"}],"predecessor-version":[{"id":234,"href":"https:\/\/meganoapps.com\/za\/wp-json\/wp\/v2\/pages\/145\/revisions\/234"}],"wp:attachment":[{"href":"https:\/\/meganoapps.com\/za\/wp-json\/wp\/v2\/media?parent=145"}],"curies":[{"name":"wp","href":"https:\/\/api.w.org\/{rel}","templated":true}]}}